{"id":1243,"date":"2016-02-12T07:54:41","date_gmt":"2016-02-12T07:54:41","guid":{"rendered":"http:\/\/demos.famethemes.com\/onepress-plus\/?page_id=4"},"modified":"2019-02-15T06:21:00","modified_gmt":"2019-02-15T06:21:00","slug":"home","status":"publish","type":"page","link":"http:\/\/kinzinger-arbeitsrecht.de\/","title":{"rendered":"Startseite"},"content":{"rendered":"<p>KINZINGER.arbeitsrecht ist auf die Bearbeitung von ausschlie\u00dflich arbeitsrechtlichen Mandaten spezialisiert. KINZINGER.arbeitsrecht ber\u00e4t dabei Unternehmen und Unternehmer sowie  F\u00fchrungskr\u00e4fte   auch in  den an das Arbeitsrecht angrenzenden Rechtsgebieten, wie z.B. dem Dienstvertragsrecht. Neben der au\u00dfergerichtlichen Beratung vertritt KINZINGER.arbeitsrecht  die Mandanten bundesweit prozessual.<br \/>\nDiese Spezialisierung erm\u00f6glicht die Dienstleistung auf h\u00f6chstem fachlichen Niveau. Bei jeder Fallbearbeitung steht das individuelle Interesse der Mandanten im Vordergrund. Pragmatische und wirtschaftlich vern\u00fcnftige L\u00f6sungen auszuarbeiten und zu erreichen ist das gemeinsame Ziel.<\/p>\n","protected":false},"excerpt":{"rendered":"<p>KINZINGER.arbeitsrecht ist auf die Bearbeitung von ausschlie\u00dflich arbeitsrechtlichen Mandaten spezialisiert. KINZINGER.arbeitsrecht ber\u00e4t dabei Unternehmen und Unternehmer sowie F\u00fchrungskr\u00e4fte auch in den an das Arbeitsrecht angrenzenden Rechtsgebieten, wie z.B. dem Dienstvertragsrecht. &#8230;<\/p>\n","protected":false},"author":1,"featured_media":0,"parent":0,"menu_order":0,"comment_status":"closed","ping_status":"closed","template":"template-frontpage.php","meta":[],"_links":{"self":[{"href":"http:\/\/kinzinger-arbeitsrecht.de\/index.php?rest_route=\/wp\/v2\/pages\/1243"}],"collection":[{"href":"http:\/\/kinzinger-arbeitsrecht.de\/index.php?rest_route=\/wp\/v2\/pages"}],"about":[{"href":"http:\/\/kinzinger-arbeitsrecht.de\/index.php?rest_route=\/wp\/v2\/types\/page"}],"author":[{"embeddable":true,"href":"http:\/\/kinzinger-arbeitsrecht.de\/index.php?rest_route=\/wp\/v2\/users\/1"}],"replies":[{"embeddable":true,"href":"http:\/\/kinzinger-arbeitsrecht.de\/index.php?rest_route=%2Fwp%2Fv2%2Fcomments&post=1243"}],"version-history":[{"count":3,"href":"http:\/\/kinzinger-arbeitsrecht.de\/index.php?rest_route=\/wp\/v2\/pages\/1243\/revisions"}],"predecessor-version":[{"id":1447,"href":"http:\/\/kinzinger-arbeitsrecht.de\/index.php?rest_route=\/wp\/v2\/pages\/1243\/revisions\/1447"}],"wp:attachment":[{"href":"http:\/\/kinzinger-arbeitsrecht.de\/index.php?rest_route=%2Fwp%2Fv2%2Fmedia&parent=1243"}],"curies":[{"name":"wp","href":"https:\/\/api.w.org\/{rel}","templated":true}]}}